{"id":850,"date":"2021-02-11T16:42:33","date_gmt":"2021-02-11T16:42:33","guid":{"rendered":"https:\/\/nextpoint.com.do\/np\/?page_id=850"},"modified":"2021-03-18T19:33:24","modified_gmt":"2021-03-18T19:33:24","slug":"servicios-nextpoint","status":"publish","type":"page","link":"https:\/\/nextpoint.com.do\/np\/servicios-nextpoint\/","title":{"rendered":"Servicios Nextpoint"},"content":{"rendered":"\t\t<div data-elementor-type=\"wp-post\" data-elementor-id=\"850\" class=\"elementor elementor-850\">\n\t\t\t\t\t\t<section class=\"elementor-section elementor-top-section elementor-element elementor-element-3d046dd pr__section elementor-section-boxed elementor-section-height-default elementor-section-height-default\" data-id=\"3d046dd\" data-element_type=\"section\" id=\"pr_services\">\n\t\t\t\t\t\t<div class=\"elementor-container elementor-column-gap-default\">\n\t\t\t\t\t<div class=\"elementor-column elementor-col-100 elementor-top-column elementor-element elementor-element-ba0eb86\" data-id=\"ba0eb86\" data-element_type=\"column\">\n\t\t\t<div class=\"elementor-widget-wrap elementor-element-populated\">\n\t\t\t\t\t\t<section class=\"elementor-section elementor-inner-section elementor-element elementor-element-1d8503c elementor-section-boxed elementor-section-height-default elementor-section-height-default\" data-id=\"1d8503c\" data-element_type=\"section\">\n\t\t\t\t\t\t<div class=\"elementor-container elementor-column-gap-default\">\n\t\t\t\t\t<div class=\"elementor-column elementor-col-50 elementor-inner-column elementor-element elementor-element-0f33bb6\" data-id=\"0f33bb6\" data-element_type=\"column\">\n\t\t\t<div class=\"elementor-widget-wrap elementor-element-populated\">\n\t\t\t\t\t\t<div class=\"elementor-element elementor-element-2923685 elementor-widget-divider--view-line elementor-widget elementor-widget-divider\" data-id=\"2923685\" data-element_type=\"widget\" data-widget_type=\"divider.default\">\n\t\t\t\t<div class=\"elementor-widget-container\">\n\t\t\t\t\t\t\t<div class=\"elementor-divider\">\n\t\t\t<span class=\"elementor-divider-separator\">\n\t\t\t\t\t\t<\/span>\n\t\t<\/div>\n\t\t\t\t\t\t<\/div>\n\t\t\t\t<\/div>\n\t\t\t\t<div class=\"elementor-element elementor-element-21f2a7f elementor-widget elementor-widget-heading\" data-id=\"21f2a7f\" data-element_type=\"widget\" data-widget_type=\"heading.default\">\n\t\t\t\t<div class=\"elementor-widget-container\">\n\t\t\t\t\t<h2 class=\"elementor-heading-title elementor-size-default\">Servicios.<\/h2>\t\t\t\t<\/div>\n\t\t\t\t<\/div>\n\t\t\t\t<div class=\"elementor-element elementor-element-c4adefd elementor-widget elementor-widget-heading\" data-id=\"c4adefd\" data-element_type=\"widget\" data-widget_type=\"heading.default\">\n\t\t\t\t<div class=\"elementor-widget-container\">\n\t\t\t\t\t<h4 class=\"elementor-heading-title elementor-size-default\">TRABAJAMOS PARA tI.<\/h4>\t\t\t\t<\/div>\n\t\t\t\t<\/div>\n\t\t\t\t\t<\/div>\n\t\t<\/div>\n\t\t\t\t<div class=\"elementor-column elementor-col-50 elementor-inner-column elementor-element elementor-element-5dc3998\" data-id=\"5dc3998\" data-element_type=\"column\">\n\t\t\t<div class=\"elementor-widget-wrap\">\n\t\t\t\t\t\t\t<\/div>\n\t\t<\/div>\n\t\t\t\t\t<\/div>\n\t\t<\/section>\n\t\t\t\t\t<\/div>\n\t\t<\/div>\n\t\t\t\t\t<\/div>\n\t\t<\/section>\n\t\t\t\t<section class=\"elementor-section elementor-top-section elementor-element elementor-element-7925ff8 elementor-section-boxed elementor-section-height-default elementor-section-height-default\" data-id=\"7925ff8\" data-element_type=\"section\">\n\t\t\t\t\t\t<div class=\"elementor-container elementor-column-gap-default\">\n\t\t\t\t\t<div class=\"elementor-column elementor-col-100 elementor-top-column elementor-element elementor-element-c2e7c66\" data-id=\"c2e7c66\" data-element_type=\"column\">\n\t\t\t<div class=\"elementor-widget-wrap elementor-element-populated\">\n\t\t\t\t\t\t<div class=\"elementor-element elementor-element-094b9ef elementor-tabs-view-vertical elementor-widget elementor-widget-tabs\" data-id=\"094b9ef\" data-element_type=\"widget\" data-widget_type=\"tabs.default\">\n\t\t\t\t<div class=\"elementor-widget-container\">\n\t\t\t\t\t\t\t<div class=\"elementor-tabs\">\n\t\t\t<div class=\"elementor-tabs-wrapper\" role=\"tablist\" >\n\t\t\t\t\t\t\t\t\t<div id=\"elementor-tab-title-9741\" class=\"elementor-tab-title elementor-tab-desktop-title\" aria-selected=\"true\" data-tab=\"1\" role=\"tab\" tabindex=\"0\" aria-controls=\"elementor-tab-content-9741\" aria-expanded=\"false\">Gobierno de TI<\/div>\n\t\t\t\t\t\t\t\t\t<div id=\"elementor-tab-title-9742\" class=\"elementor-tab-title elementor-tab-desktop-title\" aria-selected=\"false\" data-tab=\"2\" role=\"tab\" tabindex=\"-1\" aria-controls=\"elementor-tab-content-9742\" aria-expanded=\"false\">Seguridad de la Informaci\u00f3n y CiberSeguridad<\/div>\n\t\t\t\t\t\t\t\t\t<div id=\"elementor-tab-title-9743\" class=\"elementor-tab-title elementor-tab-desktop-title\" aria-selected=\"false\" data-tab=\"3\" role=\"tab\" tabindex=\"-1\" aria-controls=\"elementor-tab-content-9743\" aria-expanded=\"false\">Anal\u00edtica de Datos<\/div>\n\t\t\t\t\t\t\t\t\t<div id=\"elementor-tab-title-9744\" class=\"elementor-tab-title elementor-tab-desktop-title\" aria-selected=\"false\" data-tab=\"4\" role=\"tab\" tabindex=\"-1\" aria-controls=\"elementor-tab-content-9744\" aria-expanded=\"false\">Auditor\u00eda de TI<\/div>\n\t\t\t\t\t\t\t\t\t<div id=\"elementor-tab-title-9745\" class=\"elementor-tab-title elementor-tab-desktop-title\" aria-selected=\"false\" data-tab=\"5\" role=\"tab\" tabindex=\"-1\" aria-controls=\"elementor-tab-content-9745\" aria-expanded=\"false\">Continuidad del Negocio<\/div>\n\t\t\t\t\t\t\t\t\t<div id=\"elementor-tab-title-9746\" class=\"elementor-tab-title elementor-tab-desktop-title\" aria-selected=\"false\" data-tab=\"6\" role=\"tab\" tabindex=\"-1\" aria-controls=\"elementor-tab-content-9746\" aria-expanded=\"false\">Prevenci\u00f3n del Fraude<\/div>\n\t\t\t\t\t\t\t\t\t<div id=\"elementor-tab-title-9747\" class=\"elementor-tab-title elementor-tab-desktop-title\" aria-selected=\"false\" data-tab=\"7\" role=\"tab\" tabindex=\"-1\" aria-controls=\"elementor-tab-content-9747\" aria-expanded=\"false\">Gesti\u00f3n de Riesgos<\/div>\n\t\t\t\t\t\t\t\t\t<div id=\"elementor-tab-title-9748\" class=\"elementor-tab-title elementor-tab-desktop-title\" aria-selected=\"false\" data-tab=\"8\" role=\"tab\" tabindex=\"-1\" aria-controls=\"elementor-tab-content-9748\" aria-expanded=\"false\">Transformaci\u00f3n Digital<\/div>\n\t\t\t\t\t\t\t<\/div>\n\t\t\t<div class=\"elementor-tabs-content-wrapper\" role=\"tablist\" aria-orientation=\"vertical\">\n\t\t\t\t\t\t\t\t\t<div class=\"elementor-tab-title elementor-tab-mobile-title\" aria-selected=\"true\" data-tab=\"1\" role=\"tab\" tabindex=\"0\" aria-controls=\"elementor-tab-content-9741\" aria-expanded=\"false\">Gobierno de TI<\/div>\n\t\t\t\t\t<div id=\"elementor-tab-content-9741\" class=\"elementor-tab-content elementor-clearfix\" data-tab=\"1\" role=\"tabpanel\" aria-labelledby=\"elementor-tab-title-9741\" tabindex=\"0\" hidden=\"false\"><ul><li>Implementaci\u00f3n de Gobierno de TI<\/li><li>Planeaci\u00f3n Estrat\u00e9gica de TI<\/li><li>Aseguramiento de Calidad de Proyectos<\/li><\/ul><\/div>\n\t\t\t\t\t\t\t\t\t<div class=\"elementor-tab-title elementor-tab-mobile-title\" aria-selected=\"false\" data-tab=\"2\" role=\"tab\" tabindex=\"-1\" aria-controls=\"elementor-tab-content-9742\" aria-expanded=\"false\">Seguridad de la Informaci\u00f3n y CiberSeguridad<\/div>\n\t\t\t\t\t<div id=\"elementor-tab-content-9742\" class=\"elementor-tab-content elementor-clearfix\" data-tab=\"2\" role=\"tabpanel\" aria-labelledby=\"elementor-tab-title-9742\" tabindex=\"0\" hidden=\"hidden\"><ul><li>Diagn\u00f3stico Integral de SI<\/li><li>Sistema de Gesti\u00f3n de Seguridad de la Informaci\u00f3n (SGSI)<\/li><li>Pruebas de Penetraci\u00f3n<\/li><li>An\u00e1lisis de Vulnerabilidades<\/li><li>Evaluaci\u00f3n de Cumplimiento con Reglamento de Ciberseguridad<\/li><\/ul><\/div>\n\t\t\t\t\t\t\t\t\t<div class=\"elementor-tab-title elementor-tab-mobile-title\" aria-selected=\"false\" data-tab=\"3\" role=\"tab\" tabindex=\"-1\" aria-controls=\"elementor-tab-content-9743\" aria-expanded=\"false\">Anal\u00edtica de Datos<\/div>\n\t\t\t\t\t<div id=\"elementor-tab-content-9743\" class=\"elementor-tab-content elementor-clearfix\" data-tab=\"3\" role=\"tabpanel\" aria-labelledby=\"elementor-tab-title-9743\" tabindex=\"0\" hidden=\"hidden\"><ul><li>Servicios de Evaluaci\u00f3n de Integridad Transaccional<\/li><li>Sistema de Auditor\u00eda Cont\u00ednua (SAC)<\/li><li>T\u00e9cnicas de Auditoria asistida por el Computador (TAAC\u2019s)<\/li><li>Pruebas de Calidad e Integridad de Datos<\/li><\/ul><\/div>\n\t\t\t\t\t\t\t\t\t<div class=\"elementor-tab-title elementor-tab-mobile-title\" aria-selected=\"false\" data-tab=\"4\" role=\"tab\" tabindex=\"-1\" aria-controls=\"elementor-tab-content-9744\" aria-expanded=\"false\">Auditor\u00eda de TI<\/div>\n\t\t\t\t\t<div id=\"elementor-tab-content-9744\" class=\"elementor-tab-content elementor-clearfix\" data-tab=\"4\" role=\"tabpanel\" aria-labelledby=\"elementor-tab-title-9744\" tabindex=\"0\" hidden=\"hidden\"><ul><li>BPO de Auditor\u00eda de TI<\/li><li>Auditor\u00eda de Seguridad de la Informaci\u00f3n<\/li><li>Auditor\u00eda de Aplicaciones e Infraestructura<\/li><\/ul><\/div>\n\t\t\t\t\t\t\t\t\t<div class=\"elementor-tab-title elementor-tab-mobile-title\" aria-selected=\"false\" data-tab=\"5\" role=\"tab\" tabindex=\"-1\" aria-controls=\"elementor-tab-content-9745\" aria-expanded=\"false\">Continuidad del Negocio<\/div>\n\t\t\t\t\t<div id=\"elementor-tab-content-9745\" class=\"elementor-tab-content elementor-clearfix\" data-tab=\"5\" role=\"tabpanel\" aria-labelledby=\"elementor-tab-title-9745\" tabindex=\"0\" hidden=\"hidden\"><ul><li>Sistema de Gesti\u00f3n de Continuidad del Negocios<\/li><li>Plan de Continuidad (BCP) y Plan de Recuperaci\u00f3n ante Desastres (DRP)<\/li><\/ul><\/div>\n\t\t\t\t\t\t\t\t\t<div class=\"elementor-tab-title elementor-tab-mobile-title\" aria-selected=\"false\" data-tab=\"6\" role=\"tab\" tabindex=\"-1\" aria-controls=\"elementor-tab-content-9746\" aria-expanded=\"false\">Prevenci\u00f3n del Fraude<\/div>\n\t\t\t\t\t<div id=\"elementor-tab-content-9746\" class=\"elementor-tab-content elementor-clearfix\" data-tab=\"6\" role=\"tabpanel\" aria-labelledby=\"elementor-tab-title-9746\" tabindex=\"0\" hidden=\"hidden\"><ul><li>Digital Identity Intelligence<\/li><li>Prevenci\u00f3n de Lavado de Activos (AML)<\/li><\/ul><\/div>\n\t\t\t\t\t\t\t\t\t<div class=\"elementor-tab-title elementor-tab-mobile-title\" aria-selected=\"false\" data-tab=\"7\" role=\"tab\" tabindex=\"-1\" aria-controls=\"elementor-tab-content-9747\" aria-expanded=\"false\">Gesti\u00f3n de Riesgos<\/div>\n\t\t\t\t\t<div id=\"elementor-tab-content-9747\" class=\"elementor-tab-content elementor-clearfix\" data-tab=\"7\" role=\"tabpanel\" aria-labelledby=\"elementor-tab-title-9747\" tabindex=\"0\" hidden=\"hidden\"><ul><li>Gesti\u00f3n de Riesgos Tecnol\u00f3gicos<\/li><li>Evaluaci\u00f3n \/ Dise\u00f1o Matrices de Riesgos<\/li><li>Gesti\u00f3n de Riesgo Operativo<\/li><\/ul><\/div>\n\t\t\t\t\t\t\t\t\t<div class=\"elementor-tab-title elementor-tab-mobile-title\" aria-selected=\"false\" data-tab=\"8\" role=\"tab\" tabindex=\"-1\" aria-controls=\"elementor-tab-content-9748\" aria-expanded=\"false\">Transformaci\u00f3n Digital<\/div>\n\t\t\t\t\t<div id=\"elementor-tab-content-9748\" class=\"elementor-tab-content elementor-clearfix\" data-tab=\"8\" role=\"tabpanel\" aria-labelledby=\"elementor-tab-title-9748\" tabindex=\"0\" hidden=\"hidden\"><ul><li>Inteligencia de Negocios<\/li><li>Robotic Process Automation (RPA)<\/li><li>Digitalizaci\u00f3n<\/li><li>Internet de las Cosas (IOT)<\/li><\/ul><\/div>\n\t\t\t\t\t\t\t<\/div>\n\t\t<\/div>\n\t\t\t\t\t\t<\/div>\n\t\t\t\t<\/div>\n\t\t\t\t\t<\/div>\n\t\t<\/div>\n\t\t\t\t\t<\/div>\n\t\t<\/section>\n\t\t\t\t<\/div>\n\t\t","protected":false},"excerpt":{"rendered":"<p>Servicios. TRABAJAMOS PARA tI. Gobierno de TI Seguridad de la Informaci\u00f3n y CiberSeguridad Anal\u00edtica de Datos Auditor\u00eda de TI Continuidad del Negocio Prevenci\u00f3n del Fraude&hellip;<\/p>\n","protected":false},"author":3,"featured_media":0,"parent":0,"menu_order":0,"comment_status":"closed","ping_status":"closed","template":"","meta":{"inline_featured_image":false,"footnotes":""},"class_list":["post-850","page","type-page","status-publish","hentry"],"_links":{"self":[{"href":"https:\/\/nextpoint.com.do\/np\/wp-json\/wp\/v2\/pages\/850","targetHints":{"allow":["GET"]}}],"collection":[{"href":"https:\/\/nextpoint.com.do\/np\/wp-json\/wp\/v2\/pages"}],"about":[{"href":"https:\/\/nextpoint.com.do\/np\/wp-json\/wp\/v2\/types\/page"}],"author":[{"embeddable":true,"href":"https:\/\/nextpoint.com.do\/np\/wp-json\/wp\/v2\/users\/3"}],"replies":[{"embeddable":true,"href":"https:\/\/nextpoint.com.do\/np\/wp-json\/wp\/v2\/comments?post=850"}],"version-history":[{"count":41,"href":"https:\/\/nextpoint.com.do\/np\/wp-json\/wp\/v2\/pages\/850\/revisions"}],"predecessor-version":[{"id":1080,"href":"https:\/\/nextpoint.com.do\/np\/wp-json\/wp\/v2\/pages\/850\/revisions\/1080"}],"wp:attachment":[{"href":"https:\/\/nextpoint.com.do\/np\/wp-json\/wp\/v2\/media?parent=850"}],"curies":[{"name":"wp","href":"https:\/\/api.w.org\/{rel}","templated":true}]}}