{"id":424,"date":"2019-01-31T17:20:01","date_gmt":"2019-01-31T17:20:01","guid":{"rendered":"https:\/\/gentium.pixerex.com\/wp\/import\/?page_id=424"},"modified":"2021-03-22T22:56:50","modified_gmt":"2021-03-22T22:56:50","slug":"digital-strategy","status":"publish","type":"page","link":"https:\/\/nextpoint.com.do\/np\/digital-strategy\/","title":{"rendered":"Recursos"},"content":{"rendered":"\t\t<div data-elementor-type=\"wp-post\" data-elementor-id=\"424\" class=\"elementor elementor-424\">\n\t\t\t\t\t\t<section class=\"elementor-section elementor-top-section elementor-element elementor-element-165afe69 elementor-section-boxed elementor-section-height-default elementor-section-height-default\" data-id=\"165afe69\" data-element_type=\"section\">\n\t\t\t\t\t\t<div class=\"elementor-container elementor-column-gap-default\">\n\t\t\t\t\t<div class=\"elementor-column elementor-col-100 elementor-top-column elementor-element elementor-element-49d9f37f\" data-id=\"49d9f37f\" data-element_type=\"column\">\n\t\t\t<div class=\"elementor-widget-wrap elementor-element-populated\">\n\t\t\t\t\t\t<section class=\"elementor-section elementor-inner-section elementor-element elementor-element-4a64b69 elementor-section-boxed elementor-section-height-default elementor-section-height-default\" data-id=\"4a64b69\" data-element_type=\"section\">\n\t\t\t\t\t\t<div class=\"elementor-container elementor-column-gap-default\">\n\t\t\t\t\t<div class=\"elementor-column elementor-col-50 elementor-inner-column elementor-element elementor-element-74b0d19\" data-id=\"74b0d19\" data-element_type=\"column\">\n\t\t\t<div class=\"elementor-widget-wrap elementor-element-populated\">\n\t\t\t\t\t\t<div class=\"elementor-element elementor-element-0194db6 elementor-widget elementor-widget-video\" data-id=\"0194db6\" data-element_type=\"widget\" data-settings=\"{&quot;youtube_url&quot;:&quot;https:\\\/\\\/www.youtube.com\\\/watch?v=xz12tcTdk_4&amp;feature=youtu.be&quot;,&quot;video_type&quot;:&quot;youtube&quot;,&quot;controls&quot;:&quot;yes&quot;}\" data-widget_type=\"video.default\">\n\t\t\t\t<div class=\"elementor-widget-container\">\n\t\t\t\t\t\t\t<div class=\"elementor-wrapper elementor-open-inline\">\n\t\t\t<div class=\"elementor-video\"><\/div>\t\t<\/div>\n\t\t\t\t\t\t<\/div>\n\t\t\t\t<\/div>\n\t\t\t\t<div class=\"elementor-element elementor-element-8e6367e elementor-widget elementor-widget-video\" data-id=\"8e6367e\" data-element_type=\"widget\" data-settings=\"{&quot;youtube_url&quot;:&quot;https:\\\/\\\/youtu.be\\\/mbfVSm16kJg&quot;,&quot;video_type&quot;:&quot;youtube&quot;,&quot;controls&quot;:&quot;yes&quot;}\" data-widget_type=\"video.default\">\n\t\t\t\t<div class=\"elementor-widget-container\">\n\t\t\t\t\t\t\t<div class=\"elementor-wrapper elementor-open-inline\">\n\t\t\t<div class=\"elementor-video\"><\/div>\t\t<\/div>\n\t\t\t\t\t\t<\/div>\n\t\t\t\t<\/div>\n\t\t\t\t<div class=\"elementor-element elementor-element-936ccbe elementor-widget elementor-widget-video\" data-id=\"936ccbe\" data-element_type=\"widget\" data-settings=\"{&quot;youtube_url&quot;:&quot;https:\\\/\\\/youtu.be\\\/wjp0UYYy4_U&quot;,&quot;video_type&quot;:&quot;youtube&quot;,&quot;controls&quot;:&quot;yes&quot;}\" data-widget_type=\"video.default\">\n\t\t\t\t<div class=\"elementor-widget-container\">\n\t\t\t\t\t\t\t<div class=\"elementor-wrapper elementor-open-inline\">\n\t\t\t<div class=\"elementor-video\"><\/div>\t\t<\/div>\n\t\t\t\t\t\t<\/div>\n\t\t\t\t<\/div>\n\t\t\t\t<div class=\"elementor-element elementor-element-536914e elementor-widget elementor-widget-video\" data-id=\"536914e\" data-element_type=\"widget\" data-settings=\"{&quot;youtube_url&quot;:&quot;https:\\\/\\\/youtu.be\\\/cOL6UBPo1Jo&quot;,&quot;video_type&quot;:&quot;youtube&quot;,&quot;controls&quot;:&quot;yes&quot;}\" data-widget_type=\"video.default\">\n\t\t\t\t<div class=\"elementor-widget-container\">\n\t\t\t\t\t\t\t<div class=\"elementor-wrapper elementor-open-inline\">\n\t\t\t<div class=\"elementor-video\"><\/div>\t\t<\/div>\n\t\t\t\t\t\t<\/div>\n\t\t\t\t<\/div>\n\t\t\t\t<div class=\"elementor-element elementor-element-ef275d6 elementor-widget elementor-widget-video\" data-id=\"ef275d6\" data-element_type=\"widget\" data-settings=\"{&quot;youtube_url&quot;:&quot;https:\\\/\\\/youtu.be\\\/sy6ygM-mO58&quot;,&quot;video_type&quot;:&quot;youtube&quot;,&quot;controls&quot;:&quot;yes&quot;}\" data-widget_type=\"video.default\">\n\t\t\t\t<div class=\"elementor-widget-container\">\n\t\t\t\t\t\t\t<div class=\"elementor-wrapper elementor-open-inline\">\n\t\t\t<div class=\"elementor-video\"><\/div>\t\t<\/div>\n\t\t\t\t\t\t<\/div>\n\t\t\t\t<\/div>\n\t\t\t\t<div class=\"elementor-element elementor-element-983fa53 elementor-widget elementor-widget-video\" data-id=\"983fa53\" data-element_type=\"widget\" data-settings=\"{&quot;youtube_url&quot;:&quot;https:\\\/\\\/youtu.be\\\/1MQZTxyTX0o&quot;,&quot;video_type&quot;:&quot;youtube&quot;,&quot;controls&quot;:&quot;yes&quot;}\" data-widget_type=\"video.default\">\n\t\t\t\t<div class=\"elementor-widget-container\">\n\t\t\t\t\t\t\t<div class=\"elementor-wrapper elementor-open-inline\">\n\t\t\t<div class=\"elementor-video\"><\/div>\t\t<\/div>\n\t\t\t\t\t\t<\/div>\n\t\t\t\t<\/div>\n\t\t\t\t<div class=\"elementor-element elementor-element-1359119 elementor-widget elementor-widget-video\" data-id=\"1359119\" data-element_type=\"widget\" data-settings=\"{&quot;youtube_url&quot;:&quot;https:\\\/\\\/youtu.be\\\/BSWLQJ8GKSg&quot;,&quot;video_type&quot;:&quot;youtube&quot;,&quot;controls&quot;:&quot;yes&quot;}\" data-widget_type=\"video.default\">\n\t\t\t\t<div class=\"elementor-widget-container\">\n\t\t\t\t\t\t\t<div class=\"elementor-wrapper elementor-open-inline\">\n\t\t\t<div class=\"elementor-video\"><\/div>\t\t<\/div>\n\t\t\t\t\t\t<\/div>\n\t\t\t\t<\/div>\n\t\t\t\t\t<\/div>\n\t\t<\/div>\n\t\t\t\t<div class=\"elementor-column elementor-col-50 elementor-inner-column elementor-element elementor-element-d73fd6a\" data-id=\"d73fd6a\" data-element_type=\"column\">\n\t\t\t<div class=\"elementor-widget-wrap elementor-element-populated\">\n\t\t\t\t\t\t<div class=\"elementor-element elementor-element-f87f273 elementor-widget elementor-widget-video\" data-id=\"f87f273\" data-element_type=\"widget\" data-settings=\"{&quot;youtube_url&quot;:&quot;https:\\\/\\\/youtu.be\\\/7jncPDwdBdc&quot;,&quot;video_type&quot;:&quot;youtube&quot;,&quot;controls&quot;:&quot;yes&quot;}\" data-widget_type=\"video.default\">\n\t\t\t\t<div class=\"elementor-widget-container\">\n\t\t\t\t\t\t\t<div class=\"elementor-wrapper elementor-open-inline\">\n\t\t\t<div class=\"elementor-video\"><\/div>\t\t<\/div>\n\t\t\t\t\t\t<\/div>\n\t\t\t\t<\/div>\n\t\t\t\t<div class=\"elementor-element elementor-element-08a99da elementor-widget elementor-widget-video\" data-id=\"08a99da\" data-element_type=\"widget\" data-settings=\"{&quot;youtube_url&quot;:&quot;https:\\\/\\\/youtu.be\\\/Pe3G0ah06gg&quot;,&quot;video_type&quot;:&quot;youtube&quot;,&quot;controls&quot;:&quot;yes&quot;}\" data-widget_type=\"video.default\">\n\t\t\t\t<div class=\"elementor-widget-container\">\n\t\t\t\t\t\t\t<div class=\"elementor-wrapper elementor-open-inline\">\n\t\t\t<div class=\"elementor-video\"><\/div>\t\t<\/div>\n\t\t\t\t\t\t<\/div>\n\t\t\t\t<\/div>\n\t\t\t\t<div class=\"elementor-element elementor-element-26fb85b elementor-widget elementor-widget-video\" data-id=\"26fb85b\" data-element_type=\"widget\" data-settings=\"{&quot;youtube_url&quot;:&quot;https:\\\/\\\/youtu.be\\\/q9YfBxwOr5c&quot;,&quot;video_type&quot;:&quot;youtube&quot;,&quot;controls&quot;:&quot;yes&quot;}\" data-widget_type=\"video.default\">\n\t\t\t\t<div class=\"elementor-widget-container\">\n\t\t\t\t\t\t\t<div class=\"elementor-wrapper elementor-open-inline\">\n\t\t\t<div class=\"elementor-video\"><\/div>\t\t<\/div>\n\t\t\t\t\t\t<\/div>\n\t\t\t\t<\/div>\n\t\t\t\t<div class=\"elementor-element elementor-element-2cdaf3a elementor-widget elementor-widget-video\" data-id=\"2cdaf3a\" data-element_type=\"widget\" data-settings=\"{&quot;youtube_url&quot;:&quot;https:\\\/\\\/youtu.be\\\/qUpvt_KQKOk&quot;,&quot;video_type&quot;:&quot;youtube&quot;,&quot;controls&quot;:&quot;yes&quot;}\" data-widget_type=\"video.default\">\n\t\t\t\t<div class=\"elementor-widget-container\">\n\t\t\t\t\t\t\t<div class=\"elementor-wrapper elementor-open-inline\">\n\t\t\t<div class=\"elementor-video\"><\/div>\t\t<\/div>\n\t\t\t\t\t\t<\/div>\n\t\t\t\t<\/div>\n\t\t\t\t<div class=\"elementor-element elementor-element-5baeae1 elementor-widget elementor-widget-video\" data-id=\"5baeae1\" data-element_type=\"widget\" data-settings=\"{&quot;youtube_url&quot;:&quot;https:\\\/\\\/youtu.be\\\/_atOlo00jIw&quot;,&quot;video_type&quot;:&quot;youtube&quot;,&quot;controls&quot;:&quot;yes&quot;}\" data-widget_type=\"video.default\">\n\t\t\t\t<div class=\"elementor-widget-container\">\n\t\t\t\t\t\t\t<div class=\"elementor-wrapper elementor-open-inline\">\n\t\t\t<div class=\"elementor-video\"><\/div>\t\t<\/div>\n\t\t\t\t\t\t<\/div>\n\t\t\t\t<\/div>\n\t\t\t\t<div class=\"elementor-element elementor-element-656c71a elementor-widget elementor-widget-video\" data-id=\"656c71a\" data-element_type=\"widget\" data-settings=\"{&quot;youtube_url&quot;:&quot;https:\\\/\\\/youtu.be\\\/rg16Oht8c78&quot;,&quot;video_type&quot;:&quot;youtube&quot;,&quot;controls&quot;:&quot;yes&quot;}\" data-widget_type=\"video.default\">\n\t\t\t\t<div class=\"elementor-widget-container\">\n\t\t\t\t\t\t\t<div class=\"elementor-wrapper elementor-open-inline\">\n\t\t\t<div class=\"elementor-video\"><\/div>\t\t<\/div>\n\t\t\t\t\t\t<\/div>\n\t\t\t\t<\/div>\n\t\t\t\t\t<\/div>\n\t\t<\/div>\n\t\t\t\t\t<\/div>\n\t\t<\/section>\n\t\t\t\t<div class=\"elementor-element elementor-element-34f82883 elementor-widget-divider--view-line elementor-widget elementor-widget-divider\" data-id=\"34f82883\" data-element_type=\"widget\" data-widget_type=\"divider.default\">\n\t\t\t\t<div class=\"elementor-widget-container\">\n\t\t\t\t\t\t\t<div class=\"elementor-divider\">\n\t\t\t<span class=\"elementor-divider-separator\">\n\t\t\t\t\t\t<\/span>\n\t\t<\/div>\n\t\t\t\t\t\t<\/div>\n\t\t\t\t<\/div>\n\t\t\t\t<div class=\"elementor-element elementor-element-5cb359fe elementor-widget elementor-widget-heading\" data-id=\"5cb359fe\" data-element_type=\"widget\" data-widget_type=\"heading.default\">\n\t\t\t\t<div class=\"elementor-widget-container\">\n\t\t\t\t\t<h2 class=\"elementor-heading-title elementor-size-default\">NUESTROS PRODUCTOS.<\/h2>\t\t\t\t<\/div>\n\t\t\t\t<\/div>\n\t\t\t\t<div class=\"elementor-element elementor-element-26a779c1 elementor-widget elementor-widget-pr-postcarousel\" data-id=\"26a779c1\" data-element_type=\"widget\" data-widget_type=\"pr-postcarousel.default\">\n\t\t\t\t<div class=\"elementor-widget-container\">\n\t\t\t\t\t\t\t<div class=\"swiper-container-wrap pr-blog-carousel-wrap swiper-container-wrap-dots-outside style-four\" data-slider-settings=\"{&quot;direction&quot;:&quot;horizontal&quot;,&quot;speed&quot;:400,&quot;effect&quot;:&quot;slide&quot;,&quot;slidesPerView&quot;:3,&quot;spaceBetween&quot;:10,&quot;grabCursor&quot;:false,&quot;autoHeight&quot;:true,&quot;loop&quot;:true,&quot;pause_on_hover&quot;:true,&quot;autoplay&quot;:{&quot;delay&quot;:999999},&quot;pagination&quot;:{&quot;el&quot;:&quot;.swiper-pagination-26a779c1&quot;,&quot;type&quot;:&quot;bullets&quot;,&quot;clickable&quot;:true},&quot;breakpoints&quot;:{&quot;items&quot;:{&quot;slidesPerView&quot;:3,&quot;spaceBetween&quot;:10},&quot;items_tablet&quot;:{&quot;slidesPerView&quot;:2,&quot;spaceBetween&quot;:10},&quot;items_mobile&quot;:{&quot;slidesPerView&quot;:1,&quot;spaceBetween&quot;:10}}}\">\n            <div class=\"swiper-container pr-blog-carousel\" data-pagination=\".swiper-pagination-26a779c1\">\n                <div class=\"swiper-wrapper\">\n\t\t\t\t\t\t\t\t\t\t\t<div class=\"swiper-slide\">\n\t\t\t\t\t\t\t\t\t\t\t\t\t\t\t<article class=\"item work-box\">\n\t\t\t\t\t\t\t\t\t<div class=\"outer\">\n\t\t\t\t\t\t\t\t\t\t<div class=\"image pr__image__cover pr__ratio__square\" data-src=\"https:\/\/nextpoint.com.do\/np\/wp-content\/uploads\/2023\/05\/Serra.png\" data-uk-img><\/div>\n\t\t\t\t\t\t\t\t\t\t<div class=\"inner\">\n\t\t\t\t\t\t\t\t\t\t\t<h3 class=\"title\"><a href=\"https:\/\/nextpoint.com.do\/np\/portfolio\/taller-el-valor-de-la-transparencia-empresarial-clave-para-un-futuro-sostenible\/\">Taller El Valor de la Transparencia Empresarial: Clave para un Futuro Sostenible<\/a><\/h3>\n\t\t\t\t\t\t\t\t\t\t\t<div class=\"category\"><a href=\"https:\/\/nextpoint.com.do\/np\/portfolio-category\/webinar\/\" rel=\"tag\">Webinar<\/a><\/div>\n\t\t\t\t\t\t\t\t\t\t\t<a href=\"https:\/\/nextpoint.com.do\/np\/portfolio\/taller-el-valor-de-la-transparencia-empresarial-clave-para-un-futuro-sostenible\/\" class=\"link uk-position-cover\"><\/a>\n\t\t\t\t\t\t\t\t\t\t<\/div>\n\t\t\t\t\t\t\t\t\t<\/div>\n\t\t\t\t\t\t\t\t<\/article>\n\t\t\t\t\t\t\t\t\t\t\t\t\t<\/div>\n\t\t\t\t\t\t\t\t\t\t\t<div class=\"swiper-slide\">\n\t\t\t\t\t\t\t\t\t\t\t\t\t\t\t<article class=\"item work-box\">\n\t\t\t\t\t\t\t\t\t<div class=\"outer\">\n\t\t\t\t\t\t\t\t\t\t<div class=\"image pr__image__cover pr__ratio__square\" data-src=\"https:\/\/nextpoint.com.do\/np\/wp-content\/uploads\/2023\/11\/Luis-Kenneth-Sanchez.jpg\" data-uk-img><\/div>\n\t\t\t\t\t\t\t\t\t\t<div class=\"inner\">\n\t\t\t\t\t\t\t\t\t\t\t<h3 class=\"title\"><a href=\"https:\/\/nextpoint.com.do\/np\/portfolio\/las-nuevas-normas-de-gestion-de-la-calidad-1-y-2\/\">Las nuevas Normas de Gesti\u00f3n de la Calidad 1 y 2<\/a><\/h3>\n\t\t\t\t\t\t\t\t\t\t\t<div class=\"category\"><a href=\"https:\/\/nextpoint.com.do\/np\/portfolio-category\/webinar\/\" rel=\"tag\">Webinar<\/a><\/div>\n\t\t\t\t\t\t\t\t\t\t\t<a href=\"https:\/\/nextpoint.com.do\/np\/portfolio\/las-nuevas-normas-de-gestion-de-la-calidad-1-y-2\/\" class=\"link uk-position-cover\"><\/a>\n\t\t\t\t\t\t\t\t\t\t<\/div>\n\t\t\t\t\t\t\t\t\t<\/div>\n\t\t\t\t\t\t\t\t<\/article>\n\t\t\t\t\t\t\t\t\t\t\t\t\t<\/div>\n\t\t\t\t\t\t\t\t\t\t\t<div class=\"swiper-slide\">\n\t\t\t\t\t\t\t\t\t\t\t\t\t\t\t<article class=\"item work-box\">\n\t\t\t\t\t\t\t\t\t<div class=\"outer\">\n\t\t\t\t\t\t\t\t\t\t<div class=\"image pr__image__cover pr__ratio__square\" data-src=\"https:\/\/nextpoint.com.do\/np\/wp-content\/uploads\/2023\/06\/DANNY-HERRERA.png\" data-uk-img><\/div>\n\t\t\t\t\t\t\t\t\t\t<div class=\"inner\">\n\t\t\t\t\t\t\t\t\t\t\t<h3 class=\"title\"><a href=\"https:\/\/nextpoint.com.do\/np\/portfolio\/auditoria-en-la-nube-la-auditoria-del-manana\/\">Auditor\u00eda en la nube, la auditor\u00eda del ma\u00f1ana<\/a><\/h3>\n\t\t\t\t\t\t\t\t\t\t\t<div class=\"category\"><a href=\"https:\/\/nextpoint.com.do\/np\/portfolio-category\/webinar\/\" rel=\"tag\">Webinar<\/a><\/div>\n\t\t\t\t\t\t\t\t\t\t\t<a href=\"https:\/\/nextpoint.com.do\/np\/portfolio\/auditoria-en-la-nube-la-auditoria-del-manana\/\" class=\"link uk-position-cover\"><\/a>\n\t\t\t\t\t\t\t\t\t\t<\/div>\n\t\t\t\t\t\t\t\t\t<\/div>\n\t\t\t\t\t\t\t\t<\/article>\n\t\t\t\t\t\t\t\t\t\t\t\t\t<\/div>\n\t\t\t\t\t\t\t\t\t\t\t<div class=\"swiper-slide\">\n\t\t\t\t\t\t\t\t\t\t\t\t\t\t\t<article class=\"item work-box\">\n\t\t\t\t\t\t\t\t\t<div class=\"outer\">\n\t\t\t\t\t\t\t\t\t\t<div class=\"image pr__image__cover pr__ratio__square\" data-src=\"https:\/\/nextpoint.com.do\/np\/wp-content\/uploads\/2023\/05\/Serra.png\" data-uk-img><\/div>\n\t\t\t\t\t\t\t\t\t\t<div class=\"inner\">\n\t\t\t\t\t\t\t\t\t\t\t<h3 class=\"title\"><a href=\"https:\/\/nextpoint.com.do\/np\/portfolio\/la-certificacion-de-su-sistema-anticorrupcion-desafios-y-beneficios\/\">Implementaci\u00f3n de su Sistema Anticorrupci\u00f3n<\/a><\/h3>\n\t\t\t\t\t\t\t\t\t\t\t<div class=\"category\"><a href=\"https:\/\/nextpoint.com.do\/np\/portfolio-category\/webinar\/\" rel=\"tag\">Webinar<\/a><\/div>\n\t\t\t\t\t\t\t\t\t\t\t<a href=\"https:\/\/nextpoint.com.do\/np\/portfolio\/la-certificacion-de-su-sistema-anticorrupcion-desafios-y-beneficios\/\" class=\"link uk-position-cover\"><\/a>\n\t\t\t\t\t\t\t\t\t\t<\/div>\n\t\t\t\t\t\t\t\t\t<\/div>\n\t\t\t\t\t\t\t\t<\/article>\n\t\t\t\t\t\t\t\t\t\t\t\t\t<\/div>\n\t\t\t\t\t\t\t\t\t\t\t<div class=\"swiper-slide\">\n\t\t\t\t\t\t\t\t\t\t\t\t\t\t\t<article class=\"item work-box\">\n\t\t\t\t\t\t\t\t\t<div class=\"outer\">\n\t\t\t\t\t\t\t\t\t\t<div class=\"image pr__image__cover pr__ratio__square\" data-src=\"https:\/\/nextpoint.com.do\/np\/wp-content\/uploads\/2023\/05\/Pentana.png\" data-uk-img><\/div>\n\t\t\t\t\t\t\t\t\t\t<div class=\"inner\">\n\t\t\t\t\t\t\t\t\t\t\t<h3 class=\"title\"><a href=\"https:\/\/nextpoint.com.do\/np\/portfolio\/pentana\/\">Pentana<\/a><\/h3>\n\t\t\t\t\t\t\t\t\t\t\t<div class=\"category\"><a href=\"https:\/\/nextpoint.com.do\/np\/portfolio-category\/gobierno-riesgo-y-cumplimiento\/\" rel=\"tag\">Gobierno, Riesgo y Cumplimiento<\/a> \/ <a href=\"https:\/\/nextpoint.com.do\/np\/portfolio-category\/prevencion-de-lavado\/\" rel=\"tag\">Prevenci\u00f3n de Lavado<\/a> \/ <a href=\"https:\/\/nextpoint.com.do\/np\/portfolio-category\/producto\/\" rel=\"tag\">Producto<\/a><\/div>\n\t\t\t\t\t\t\t\t\t\t\t<a href=\"https:\/\/nextpoint.com.do\/np\/portfolio\/pentana\/\" class=\"link uk-position-cover\"><\/a>\n\t\t\t\t\t\t\t\t\t\t<\/div>\n\t\t\t\t\t\t\t\t\t<\/div>\n\t\t\t\t\t\t\t\t<\/article>\n\t\t\t\t\t\t\t\t\t\t\t\t\t<\/div>\n\t\t\t\t\t\t\t\t\t\t\t<div class=\"swiper-slide\">\n\t\t\t\t\t\t\t\t\t\t\t\t\t\t\t<article class=\"item work-box\">\n\t\t\t\t\t\t\t\t\t<div class=\"outer\">\n\t\t\t\t\t\t\t\t\t\t<div class=\"image pr__image__cover pr__ratio__square\" data-src=\"https:\/\/nextpoint.com.do\/np\/wp-content\/uploads\/2020\/06\/np_producto_idea11.jpg\" data-uk-img><\/div>\n\t\t\t\t\t\t\t\t\t\t<div class=\"inner\">\n\t\t\t\t\t\t\t\t\t\t\t<h3 class=\"title\"><a href=\"https:\/\/nextpoint.com.do\/np\/portfolio\/idea-11\/\">IDEA 12<\/a><\/h3>\n\t\t\t\t\t\t\t\t\t\t\t<div class=\"category\"><a href=\"https:\/\/nextpoint.com.do\/np\/portfolio-category\/analytics\/\" rel=\"tag\">Analytics<\/a> \/ <a href=\"https:\/\/nextpoint.com.do\/np\/portfolio-category\/producto\/\" rel=\"tag\">Producto<\/a><\/div>\n\t\t\t\t\t\t\t\t\t\t\t<a href=\"https:\/\/nextpoint.com.do\/np\/portfolio\/idea-11\/\" class=\"link uk-position-cover\"><\/a>\n\t\t\t\t\t\t\t\t\t\t<\/div>\n\t\t\t\t\t\t\t\t\t<\/div>\n\t\t\t\t\t\t\t\t<\/article>\n\t\t\t\t\t\t\t\t\t\t\t\t\t<\/div>\n\t\t\t\t\t\t\t\t\t\t\t<div class=\"swiper-slide\">\n\t\t\t\t\t\t\t\t\t\t\t\t\t\t\t<article class=\"item work-box\">\n\t\t\t\t\t\t\t\t\t<div class=\"outer\">\n\t\t\t\t\t\t\t\t\t\t<div class=\"image pr__image__cover pr__ratio__square\" data-src=\"https:\/\/nextpoint.com.do\/np\/wp-content\/uploads\/2020\/06\/np_producto_workingpapers.jpg\" data-uk-img><\/div>\n\t\t\t\t\t\t\t\t\t\t<div class=\"inner\">\n\t\t\t\t\t\t\t\t\t\t\t<h3 class=\"title\"><a href=\"https:\/\/nextpoint.com.do\/np\/portfolio\/working-papers\/\">WORKING PAPERS<\/a><\/h3>\n\t\t\t\t\t\t\t\t\t\t\t<div class=\"category\"><a href=\"https:\/\/nextpoint.com.do\/np\/portfolio-category\/gobierno-riesgo-y-cumplimiento\/\" rel=\"tag\">Gobierno, Riesgo y Cumplimiento<\/a> \/ <a href=\"https:\/\/nextpoint.com.do\/np\/portfolio-category\/producto\/\" rel=\"tag\">Producto<\/a><\/div>\n\t\t\t\t\t\t\t\t\t\t\t<a href=\"https:\/\/nextpoint.com.do\/np\/portfolio\/working-papers\/\" class=\"link uk-position-cover\"><\/a>\n\t\t\t\t\t\t\t\t\t\t<\/div>\n\t\t\t\t\t\t\t\t\t<\/div>\n\t\t\t\t\t\t\t\t<\/article>\n\t\t\t\t\t\t\t\t\t\t\t\t\t<\/div>\n\t\t\t\t\t\t\t\t\t\t\t<div class=\"swiper-slide\">\n\t\t\t\t\t\t\t\t\t\t\t\t\t\t\t<article class=\"item work-box\">\n\t\t\t\t\t\t\t\t\t<div class=\"outer\">\n\t\t\t\t\t\t\t\t\t\t<div class=\"image pr__image__cover pr__ratio__square\" data-src=\"https:\/\/nextpoint.com.do\/np\/wp-content\/uploads\/2020\/06\/np_producto_cyberark.jpg\" data-uk-img><\/div>\n\t\t\t\t\t\t\t\t\t\t<div class=\"inner\">\n\t\t\t\t\t\t\t\t\t\t\t<h3 class=\"title\"><a href=\"https:\/\/nextpoint.com.do\/np\/portfolio\/cyberark\/\">CYBERARK<\/a><\/h3>\n\t\t\t\t\t\t\t\t\t\t\t<div class=\"category\"><a href=\"https:\/\/nextpoint.com.do\/np\/portfolio-category\/producto\/\" rel=\"tag\">Producto<\/a> \/ <a href=\"https:\/\/nextpoint.com.do\/np\/portfolio-category\/seguridad\/\" rel=\"tag\">Seguridad<\/a><\/div>\n\t\t\t\t\t\t\t\t\t\t\t<a href=\"https:\/\/nextpoint.com.do\/np\/portfolio\/cyberark\/\" class=\"link uk-position-cover\"><\/a>\n\t\t\t\t\t\t\t\t\t\t<\/div>\n\t\t\t\t\t\t\t\t\t<\/div>\n\t\t\t\t\t\t\t\t<\/article>\n\t\t\t\t\t\t\t\t\t\t\t\t\t<\/div>\n\t\t\t\t\t\t\t\t\t\t\t<div class=\"swiper-slide\">\n\t\t\t\t\t\t\t\t\t\t\t\t\t\t\t<article class=\"item work-box\">\n\t\t\t\t\t\t\t\t\t<div class=\"outer\">\n\t\t\t\t\t\t\t\t\t\t<div class=\"image pr__image__cover pr__ratio__square\" data-src=\"https:\/\/nextpoint.com.do\/np\/wp-content\/uploads\/2020\/06\/delos_nextpoint.jpg\" data-uk-img><\/div>\n\t\t\t\t\t\t\t\t\t\t<div class=\"inner\">\n\t\t\t\t\t\t\t\t\t\t\t<h3 class=\"title\"><a href=\"https:\/\/nextpoint.com.do\/np\/portfolio\/delos\/\">DELOS<\/a><\/h3>\n\t\t\t\t\t\t\t\t\t\t\t<div class=\"category\"><a href=\"https:\/\/nextpoint.com.do\/np\/portfolio-category\/cobit\/\" rel=\"tag\">Cobit<\/a> \/ <a href=\"https:\/\/nextpoint.com.do\/np\/portfolio-category\/producto\/\" rel=\"tag\">Producto<\/a><\/div>\n\t\t\t\t\t\t\t\t\t\t\t<a href=\"https:\/\/nextpoint.com.do\/np\/portfolio\/delos\/\" class=\"link uk-position-cover\"><\/a>\n\t\t\t\t\t\t\t\t\t\t<\/div>\n\t\t\t\t\t\t\t\t\t<\/div>\n\t\t\t\t\t\t\t\t<\/article>\n\t\t\t\t\t\t\t\t\t\t\t\t\t<\/div>\n\t\t\t\t\t\t\t\t\t\t\t<div class=\"swiper-slide\">\n\t\t\t\t\t\t\t\t\t\t\t\t\t\t\t<article class=\"item work-box\">\n\t\t\t\t\t\t\t\t\t<div class=\"outer\">\n\t\t\t\t\t\t\t\t\t\t<div class=\"image pr__image__cover pr__ratio__square\" data-src=\"https:\/\/nextpoint.com.do\/np\/wp-content\/uploads\/2020\/06\/np_productos.jpg\" data-uk-img><\/div>\n\t\t\t\t\t\t\t\t\t\t<div class=\"inner\">\n\t\t\t\t\t\t\t\t\t\t\t<h3 class=\"title\"><a href=\"https:\/\/nextpoint.com.do\/np\/portfolio\/smart-exporter\/\">SMART EXPORTER<\/a><\/h3>\n\t\t\t\t\t\t\t\t\t\t\t<div class=\"category\"><a href=\"https:\/\/nextpoint.com.do\/np\/portfolio-category\/analytics\/\" rel=\"tag\">Analytics<\/a> \/ <a href=\"https:\/\/nextpoint.com.do\/np\/portfolio-category\/producto\/\" rel=\"tag\">Producto<\/a><\/div>\n\t\t\t\t\t\t\t\t\t\t\t<a href=\"https:\/\/nextpoint.com.do\/np\/portfolio\/smart-exporter\/\" class=\"link uk-position-cover\"><\/a>\n\t\t\t\t\t\t\t\t\t\t<\/div>\n\t\t\t\t\t\t\t\t\t<\/div>\n\t\t\t\t\t\t\t\t<\/article>\n\t\t\t\t\t\t\t\t\t\t\t\t\t<\/div>\n\t\t\t\t\t\t\t\t\t<\/div>\n\t\t\t\t\t\t\t\t\t<div class=\"swiper-pagination swiper-pagination-26a779c1\"><\/div>\n\t\t\t\t\t\t\t<\/div>\n\t\t<\/div>\n        \t\t\t\t<\/div>\n\t\t\t\t<\/div>\n\t\t\t\t\t<\/div>\n\t\t<\/div>\n\t\t\t\t\t<\/div>\n\t\t<\/section>\n\t\t\t\t<section class=\"elementor-section elementor-top-section elementor-element elementor-element-076b87d elementor-section-boxed elementor-section-height-default elementor-section-height-default\" data-id=\"076b87d\" data-element_type=\"section\">\n\t\t\t\t\t\t<div class=\"elementor-container elementor-column-gap-default\">\n\t\t\t\t\t<div class=\"elementor-column elementor-col-100 elementor-top-column elementor-element elementor-element-44c780d\" data-id=\"44c780d\" data-element_type=\"column\">\n\t\t\t<div class=\"elementor-widget-wrap\">\n\t\t\t\t\t\t\t<\/div>\n\t\t<\/div>\n\t\t\t\t\t<\/div>\n\t\t<\/section>\n\t\t\t\t<\/div>\n\t\t","protected":false},"excerpt":{"rendered":"<p>NUESTROS PRODUCTOS. LEXIS NEXIS Prevenci\u00f3n de Lavado WORKING PAPERS Gobierno, Riesgo y Cumplimiento MEYCOR COBIT Cobit CHANGE TRACKER Seguridad CYBERARK Seguridad GFI SOFTWARE Seguridad IDEA&hellip;<\/p>\n","protected":false},"author":3,"featured_media":0,"parent":0,"menu_order":0,"comment_status":"closed","ping_status":"closed","template":"","meta":{"inline_featured_image":false,"footnotes":""},"class_list":["post-424","page","type-page","status-publish","hentry"],"_links":{"self":[{"href":"https:\/\/nextpoint.com.do\/np\/wp-json\/wp\/v2\/pages\/424","targetHints":{"allow":["GET"]}}],"collection":[{"href":"https:\/\/nextpoint.com.do\/np\/wp-json\/wp\/v2\/pages"}],"about":[{"href":"https:\/\/nextpoint.com.do\/np\/wp-json\/wp\/v2\/types\/page"}],"author":[{"embeddable":true,"href":"https:\/\/nextpoint.com.do\/np\/wp-json\/wp\/v2\/users\/3"}],"replies":[{"embeddable":true,"href":"https:\/\/nextpoint.com.do\/np\/wp-json\/wp\/v2\/comments?post=424"}],"version-history":[{"count":11,"href":"https:\/\/nextpoint.com.do\/np\/wp-json\/wp\/v2\/pages\/424\/revisions"}],"predecessor-version":[{"id":1088,"href":"https:\/\/nextpoint.com.do\/np\/wp-json\/wp\/v2\/pages\/424\/revisions\/1088"}],"wp:attachment":[{"href":"https:\/\/nextpoint.com.do\/np\/wp-json\/wp\/v2\/media?parent=424"}],"curies":[{"name":"wp","href":"https:\/\/api.w.org\/{rel}","templated":true}]}}